{"id":358,"date":"2024-04-02T16:25:28","date_gmt":"2024-04-02T14:25:28","guid":{"rendered":"https:\/\/pmstart4you.de\/?page_id=358"},"modified":"2024-04-09T09:32:24","modified_gmt":"2024-04-09T07:32:24","slug":"elementor-358","status":"publish","type":"page","link":"https:\/\/pmstart4you.de\/?page_id=358","title":{"rendered":"PM Videotestimonial Seite 2"},"content":{"rendered":"\t\t<div data-elementor-type=\"wp-page\" data-elementor-id=\"358\" class=\"elementor elementor-358\" data-elementor-post-type=\"page\">\n\t\t\t\t<div class=\"elementor-element elementor-element-60f60cb e-con-full e-flex e-con e-parent\" data-id=\"60f60cb\" data-element_type=\"container\" data-settings=\"{&quot;background_background&quot;:&quot;gradient&quot;}\" data-core-v316-plus=\"true\">\n\t\t\t\t<div class=\"elementor-element elementor-element-53e89db elementor-widget elementor-widget-heading\" data-id=\"53e89db\" data-element_type=\"widget\" data-widget_type=\"heading.default\">\n\t\t\t\t<div class=\"elementor-widget-container\">\n\t\t\t<style>\/*! elementor - v3.20.0 - 10-04-2024 *\/\n.elementor-heading-title{padding:0;margin:0;line-height:1}.elementor-widget-heading .elementor-heading-title[class*=elementor-size-]>a{color:inherit;font-size:inherit;line-height:inherit}.elementor-widget-heading .elementor-heading-title.elementor-size-small{font-size:15px}.elementor-widget-heading .elementor-heading-title.elementor-size-medium{font-size:19px}.elementor-widget-heading .elementor-heading-title.elementor-size-large{font-size:29px}.elementor-widget-heading .elementor-heading-title.elementor-size-xl{font-size:39px}.elementor-widget-heading .elementor-heading-title.elementor-size-xxl{font-size:59px}<\/style><h4 class=\"elementor-heading-title elementor-size-default\">join the success<\/h4>\t\t<\/div>\n\t\t\t\t<\/div>\n\t\t\t\t<div class=\"elementor-element elementor-element-572ffb9 elementor-widget elementor-widget-html\" data-id=\"572ffb9\" data-element_type=\"widget\" data-widget_type=\"html.default\">\n\t\t\t\t<div class=\"elementor-widget-container\">\n\t\t\t<iframe width=\"560\" height=\"315\" src=\"https:\/\/www.youtube.com\/embed\/vRkAMB09AWc?si=yj_FqfBCBMEpTzaa\" title=\"YouTube video player\" frameborder=\"0\" allow=\"accelerometer; autoplay; clipboard-write; encrypted-media; gyroscope; picture-in-picture; web-share\" referrerpolicy=\"strict-origin-when-cross-origin\" allowfullscreen><\/iframe>\t\t<\/div>\n\t\t\t\t<\/div>\n\t\t\t\t<div class=\"elementor-element elementor-element-d4ee0db elementor-align-center elementor-widget elementor-widget-button\" data-id=\"d4ee0db\" data-element_type=\"widget\" data-widget_type=\"button.default\">\n\t\t\t\t<div class=\"elementor-widget-container\">\n\t\t\t\t\t<div class=\"elementor-button-wrapper\">\n\t\t\t<a class=\"elementor-button elementor-button-link elementor-size-sm\" href=\"http:\/\/20034869.pm-quickstart.com\">\n\t\t\t\t\t\t<span class=\"elementor-button-content-wrapper\">\n\t\t\t\t\t\t<span class=\"elementor-button-text\">JETZT direkt als PM-Vertriebspartner registrieren<\/span>\n\t\t<\/span>\n\t\t\t\t\t<\/a>\n\t\t<\/div>\n\t\t\t\t<\/div>\n\t\t\t\t<\/div>\n\t\t\t\t<div class=\"elementor-element elementor-element-ee23efa elementor-align-center elementor-widget elementor-widget-button\" data-id=\"ee23efa\" data-element_type=\"widget\" data-widget_type=\"button.default\">\n\t\t\t\t<div class=\"elementor-widget-container\">\n\t\t\t\t\t<div class=\"elementor-button-wrapper\">\n\t\t\t<a class=\"elementor-button elementor-button-link elementor-size-sm\" href=\"https:\/\/pmstart4you.de\/?page_id=522\">\n\t\t\t\t\t\t<span class=\"elementor-button-content-wrapper\">\n\t\t\t\t\t\t<span class=\"elementor-button-text\">ODER JETZT Erstgespr\u00e4ch anfordern<\/span>\n\t\t<\/span>\n\t\t\t\t\t<\/a>\n\t\t<\/div>\n\t\t\t\t<\/div>\n\t\t\t\t<\/div>\n\t\t\t\t<div class=\"elementor-element elementor-element-697e478 elementor-widget elementor-widget-heading\" data-id=\"697e478\" data-element_type=\"widget\" data-widget_type=\"heading.default\">\n\t\t\t\t<div class=\"elementor-widget-container\">\n\t\t\t<h2 class=\"elementor-heading-title elementor-size-default\">Top 10 Gr\u00fcnde, sich f\u00fcr PM International zu entscheiden<\/h2>\t\t<\/div>\n\t\t\t\t<\/div>\n\t\t\t\t<div class=\"elementor-element elementor-element-db6554a elementor-widget elementor-widget-text-editor\" data-id=\"db6554a\" data-element_type=\"widget\" data-widget_type=\"text-editor.default\">\n\t\t\t\t<div class=\"elementor-widget-container\">\n\t\t\t<style>\/*! elementor - v3.20.0 - 10-04-2024 *\/\n.elementor-widget-text-editor.elementor-drop-cap-view-stacked .elementor-drop-cap{background-color:#69727d;color:#fff}.elementor-widget-text-editor.elementor-drop-cap-view-framed .elementor-drop-cap{color:#69727d;border:3px solid;background-color:transparent}.elementor-widget-text-editor:not(.elementor-drop-cap-view-default) .elementor-drop-cap{margin-top:8px}.elementor-widget-text-editor:not(.elementor-drop-cap-view-default) .elementor-drop-cap-letter{width:1em;height:1em}.elementor-widget-text-editor .elementor-drop-cap{float:left;text-align:center;line-height:1;font-size:50px}.elementor-widget-text-editor .elementor-drop-cap-letter{display:inline-block}<\/style>\t\t\t\t<ol><li><p><span class=\"\"><strong>Sicherheit<\/strong>: PM-International ist ein Familienunternehmen mit 30 Jahren Vertriebserfahrung und einer hervorragenden Finanzbewertung durch unabh\u00e4ngige Institute, was Vertrauen und Stabilit\u00e4t bietet.<\/span><\/p><\/li><li><p><span class=\"\"><strong>Seriosit\u00e4t<\/strong>: Das Unternehmen ist als fairer Vertrieb T\u00dcV-zertifiziert und verf\u00fcgt \u00fcber einen gepr\u00fcften Marketingplan, was f\u00fcr Professionalit\u00e4t und Transparenz steht.<\/span><\/p><\/li><li><p><span class=\"\"><strong>Einfacher Verkauf<\/strong>: Die qualitativ innovativen Produkte &#8222;Made in Germany&#8220; lassen sich schnell und einfach demonstrieren und direkt erleben, was den Verkaufsprozess erleichtert.<\/span><\/p><\/li><li><p><span class=\"\"><strong>Verdienstm\u00f6glichkeiten<\/strong>: Mit dem DirectCash-Programm kann man weltweit und langfristig Geld verdienen, das p\u00fcnktlich durch PM-International seit 30 Jahren ausgezahlt wird.<\/span><\/p><\/li><li><p><span class=\"\"><strong>Exklusiver Kundennutzen<\/strong>: Das einzigartige N\u00e4hrstofftransportkonzept NTC\u00ae\ufe0f erm\u00f6glicht es, fit und attraktiv bis ins hohe Alter zu bleiben.<\/span><\/p><\/li><li><p><span class=\"\"><strong>Unkompliziertes Gesch\u00e4ftsmodell<\/strong>: Das selbstst\u00e4ndige Gesch\u00e4ftsmodell ist f\u00fcr jeden geeignet, ob in Teilzeit oder Vollzeit, und bietet die M\u00f6glichkeit, die eigene Zukunft zu gestalten.<\/span><\/p><\/li><li><p><span class=\"\"><strong>Zusatzleistungen<\/strong>: Neben dem Autoprogramm und Reise-Incentives an Traumziele gibt es auch ein einzigartiges Rentenprogramm.<\/span><\/p><\/li><li><p><span class=\"\"><strong>Einfache Ansprache<\/strong>: Top-Referenzen in nahezu s\u00e4mtlichen Sportbereichen bei gepr\u00fcfter Dopingsicherheit erleichtern die Kundenansprache.<\/span><\/p><\/li><li><p><span class=\"\"><strong>Zufriedenheitsgarantie<\/strong>: Produktnutzer profitieren von einem 30-t\u00e4gigen R\u00fcckgaberecht mit Geld-Zur\u00fcck-Garantie.<\/span><\/p><\/li><li><p><span class=\"\"><strong>Pers\u00f6nliche Beratung<\/strong>: Das Unternehmen m\u00f6chte, dass du erfolgreich bist, und begleitet dich in einfachen Schritten auf deinem Weg zum Erfolg.<\/span><\/p><\/li><\/ol>\t\t\t\t\t\t<\/div>\n\t\t\t\t<\/div>\n\t\t\t\t<\/div>\n\t\t<div class=\"elementor-element elementor-element-6e4b8a2 e-flex e-con-boxed e-con e-parent\" data-id=\"6e4b8a2\" data-element_type=\"container\" data-settings=\"{&quot;background_background&quot;:&quot;classic&quot;}\" data-core-v316-plus=\"true\">\n\t\t\t\t\t<div class=\"e-con-inner\">\n\t\t<div class=\"elementor-element elementor-element-5c08f6b e-con-full e-flex e-con e-child\" data-id=\"5c08f6b\" data-element_type=\"container\">\n\t\t\t\t<div class=\"elementor-element elementor-element-792ab12 elementor-widget elementor-widget-image\" data-id=\"792ab12\" data-element_type=\"widget\" data-widget_type=\"image.default\">\n\t\t\t\t<div class=\"elementor-widget-container\">\n\t\t\t<style>\/*! elementor - v3.20.0 - 10-04-2024 *\/\n.elementor-widget-image{text-align:center}.elementor-widget-image a{display:inline-block}.elementor-widget-image a img[src$=\".svg\"]{width:48px}.elementor-widget-image img{vertical-align:middle;display:inline-block}<\/style>\t\t\t\t\t\t\t\t\t\t<img fetchpriority=\"high\" decoding=\"async\" width=\"713\" height=\"402\" src=\"https:\/\/pmstart4you.de\/wp-content\/uploads\/2024\/04\/WhatsApp-Image-2023-03-07-at-20.15.55.jpeg\" class=\"attachment-large size-large wp-image-360\" alt=\"\" srcset=\"https:\/\/pmstart4you.de\/wp-content\/uploads\/2024\/04\/WhatsApp-Image-2023-03-07-at-20.15.55.jpeg 713w, https:\/\/pmstart4you.de\/wp-content\/uploads\/2024\/04\/WhatsApp-Image-2023-03-07-at-20.15.55-300x169.jpeg 300w\" sizes=\"(max-width: 713px) 100vw, 713px\" \/>\t\t\t\t\t\t\t\t\t\t\t\t\t<\/div>\n\t\t\t\t<\/div>\n\t\t\t\t<\/div>\n\t\t<div class=\"elementor-element elementor-element-4f261af e-con-full e-flex e-con e-child\" data-id=\"4f261af\" data-element_type=\"container\">\n\t\t\t\t<div class=\"elementor-element elementor-element-d10b267 elementor-widget elementor-widget-image\" data-id=\"d10b267\" data-element_type=\"widget\" data-widget_type=\"image.default\">\n\t\t\t\t<div class=\"elementor-widget-container\">\n\t\t\t\t\t\t\t\t\t\t\t\t\t<img decoding=\"async\" width=\"1024\" height=\"576\" src=\"https:\/\/pmstart4you.de\/wp-content\/uploads\/2024\/04\/WhatsApp-Image-2023-03-07-at-20.16.59-1024x576.jpeg\" class=\"attachment-large size-large wp-image-361\" alt=\"\" srcset=\"https:\/\/pmstart4you.de\/wp-content\/uploads\/2024\/04\/WhatsApp-Image-2023-03-07-at-20.16.59-1024x576.jpeg 1024w, https:\/\/pmstart4you.de\/wp-content\/uploads\/2024\/04\/WhatsApp-Image-2023-03-07-at-20.16.59-300x169.jpeg 300w, https:\/\/pmstart4you.de\/wp-content\/uploads\/2024\/04\/WhatsApp-Image-2023-03-07-at-20.16.59-768x432.jpeg 768w, https:\/\/pmstart4you.de\/wp-content\/uploads\/2024\/04\/WhatsApp-Image-2023-03-07-at-20.16.59.jpeg 1181w\" sizes=\"(max-width: 1024px) 100vw, 1024px\" \/>\t\t\t\t\t\t\t\t\t\t\t\t\t<\/div>\n\t\t\t\t<\/div>\n\t\t\t\t<\/div>\n\t\t\t\t\t<\/div>\n\t\t\t\t<\/div>\n\t\t<div class=\"elementor-element elementor-element-24ba23df e-grid e-con-boxed e-con e-parent\" data-id=\"24ba23df\" data-element_type=\"container\" data-settings=\"{&quot;background_background&quot;:&quot;classic&quot;}\" data-core-v316-plus=\"true\">\n\t\t\t\t\t<div class=\"e-con-inner\">\n\t\t\t\t<div class=\"elementor-element elementor-element-2c7c8e5f elementor-widget elementor-widget-text-editor\" data-id=\"2c7c8e5f\" data-element_type=\"widget\" data-widget_type=\"text-editor.default\">\n\t\t\t\t<div class=\"elementor-widget-container\">\n\t\t\t\t\t\t\t<p><strong><a href=\"https:\/\/pmstart4you.de\/?page_id=2\">Impressum<\/a><\/strong><\/p>\t\t\t\t\t\t<\/div>\n\t\t\t\t<\/div>\n\t\t\t\t<div class=\"elementor-element elementor-element-6984de0e elementor-widget elementor-widget-text-editor\" data-id=\"6984de0e\" data-element_type=\"widget\" data-widget_type=\"text-editor.default\">\n\t\t\t\t<div class=\"elementor-widget-container\">\n\t\t\t\t\t\t\t<p><a href=\"https:\/\/pmstart4you.de\/?page_id=3\"><strong>Datenschutz<\/strong><\/a><\/p>\t\t\t\t\t\t<\/div>\n\t\t\t\t<\/div>\n\t\t\t\t\t<\/div>\n\t\t\t\t<\/div>\n\t\t\t\t<\/div>\n\t\t","protected":false},"excerpt":{"rendered":"<p>Deutsch Fran\u00e7ais join the success JETZT direkt als PM-Vertriebspartner registrieren ODER JETZT Erstgespr\u00e4ch anfordern Top 10 Gr\u00fcnde, sich f\u00fcr PM International zu entscheiden Sicherheit: PM-International ist ein Familienunternehmen mit 30 Jahren Vertriebserfahrung und einer hervorragenden Finanzbewertung durch unabh\u00e4ngige Institute, was Vertrauen und Stabilit\u00e4t bietet. Seriosit\u00e4t: Das Unternehmen ist als fairer Vertrieb T\u00dcV-zertifiziert und verf\u00fcgt \u00fcber [&hellip;]<\/p>\n","protected":false},"author":1,"featured_media":0,"parent":0,"menu_order":0,"comment_status":"closed","ping_status":"closed","template":"elementor_canvas","meta":{"footnotes":""},"class_list":["post-358","page","type-page","status-publish","hentry"],"_links":{"self":[{"href":"https:\/\/pmstart4you.de\/index.php?rest_route=\/wp\/v2\/pages\/358","targetHints":{"allow":["GET"]}}],"collection":[{"href":"https:\/\/pmstart4you.de\/index.php?rest_route=\/wp\/v2\/pages"}],"about":[{"href":"https:\/\/pmstart4you.de\/index.php?rest_route=\/wp\/v2\/types\/page"}],"author":[{"embeddable":true,"href":"https:\/\/pmstart4you.de\/index.php?rest_route=\/wp\/v2\/users\/1"}],"replies":[{"embeddable":true,"href":"https:\/\/pmstart4you.de\/index.php?rest_route=%2Fwp%2Fv2%2Fcomments&post=358"}],"version-history":[{"count":10,"href":"https:\/\/pmstart4you.de\/index.php?rest_route=\/wp\/v2\/pages\/358\/revisions"}],"predecessor-version":[{"id":601,"href":"https:\/\/pmstart4you.de\/index.php?rest_route=\/wp\/v2\/pages\/358\/revisions\/601"}],"wp:attachment":[{"href":"https:\/\/pmstart4you.de\/index.php?rest_route=%2Fwp%2Fv2%2Fmedia&parent=358"}],"curies":[{"name":"wp","href":"https:\/\/api.w.org\/{rel}","templated":true}]}}